{"id":1644,"date":"2022-12-16T11:39:19","date_gmt":"2022-12-16T10:39:19","guid":{"rendered":"https:\/\/www.stresnyboxds.sk\/search-hu\/"},"modified":"2023-09-07T10:28:54","modified_gmt":"2023-09-07T08:28:54","slug":"fooldal","status":"publish","type":"page","link":"https:\/\/www.stresnyboxds.sk\/hu\/","title":{"rendered":"F\u0151oldal"},"content":{"rendered":"<p>[vc_row turbo_section_wrapper=&#8221;turbo_container&#8221; css=&#8221;.vc_custom_1671787368921{background-image: url(https:\/\/www.stresnyboxds.sk\/wp-content\/uploads\/2022\/12\/bg-stresne-boxy.jpg?id=1749) !important;background-position: center !important;background-repeat: no-repeat !important;background-size: contain !important;}&#8221; el_class=&#8221;intro-search-box&#8221;][vc_column css=&#8221;.vc_custom_1671786384830{margin-right: 0px !important;margin-bottom: 0px !important;margin-left: 0px !important;border-top-width: 0px !important;padding-top: 0px !important;padding-right: 0px !important;padding-bottom: 0px !important;padding-left: 0px !important;}&#8221;][vc_widget_sidebar sidebar_id=&#8221;home-sk&#8221; el_class=&#8221;search-box&#8221;][\/vc_column][\/vc_row][vc_row el_class=&#8221;intro-text&#8221;][vc_column][turbo_content_block layout=&#8221;turbo-grid&#8221; heading_title=&#8221;Tet\u0151doboz b\u00e9rl\u00e9s Dunaszerdahelyen&#8221; content_blocks=&#8221;%5B%7B%22title%22%3A%221.%20Hozza%20l%C3%A9tre%20a%20rendel%C3%A9s%C3%A9t%22%2C%22description%22%3A%22A%20tet%C5%91box%20%C3%A1tv%C3%A9tele%2015%3A00%20%C3%A9s%2016%3A30%20k%C3%B6z%C3%B6tt%20lehets%C3%A9ges.%20Visszak%C3%BCldeni%2010%20%C3%B3r%C3%A1ig%20lehets%C3%A9ges.%22%2C%22block_image%22%3A%221687%22%7D%2C%7B%22title%22%3A%222.%20J%C3%B6jj%C3%B6n%20tet%C5%91box%C3%A9rt%22%2C%22description%22%3A%22A%20tet%C5%91boxot%20Kistejedben%20(Dunaszerdahely%20r%C3%A9sze)%20lehet%20%C3%A1tvenni.%22%2C%22block_image%22%3A%221685%22%7D%2C%7B%22title%22%3A%223.%20Kellemes%20utat%20k%C3%ADv%C3%A1nunk%22%2C%22description%22%3A%22Sz%C3%ADvesen%20seg%C3%ADt%C3%BCnk%20az%20aut%C3%B3ra%20val%C3%B3%20felszerel%C3%A9sben%20is%2C%20hogy%20utaz%C3%A1sa%20a%20lehet%C5%91%20legkellemesebb%20legyen.%22%2C%22block_image%22%3A%221689%22%7D%5D&#8221; bg_css=&#8221;.vc_custom_1677488025274{padding-bottom: 0px !important;}&#8221;]S\u00edelni j\u00e1r a hegyekbe, vagy <strong>sok csomagja van<\/strong> a csal\u00e1di kir\u00e1ndul\u00e1sokon? Nem f\u00e9rnek el a csomagok az aut\u00f3ban? B\u00e9reljen t\u0151l\u00fcnk <strong>tet\u0151boxot egy h\u00e9tv\u00e9g\u00e9re<\/strong> vagy <strong>az eg\u00e9sz h\u00e9tre<\/strong>, \u00e9s a nyaral\u00e1s\/s\u00edel\u00e9s ut\u00e1n hozza vissza. <strong>Ne agg\u00f3djon<\/strong> amiatt, hogy a dobozt a gar\u00e1zsban vagy a pinc\u00e9ben t\u00e1rolja.<\/p>\n<h3>B\u00e9reljen, amikor sz\u00fcks\u00e9ge van r\u00e1<\/h3>\n<p>Dunaszerdahelyen k\u00edn\u00e1lunk b\u00e9relhet\u0151 <strong>Thule \u00e9s Yakimy m\u00e1rk\u00e1j\u00fa tet\u0151boxokat<\/strong> \u00e9s keresztir\u00e1ny\u00fa tet\u0151csomagtart\u00f3kat. A tet\u0151dobozok <strong>Kistejedben<\/strong> (Dunaszerdahely r\u00e9sze) <strong>\u00e1tvehet\u0151k<\/strong>.<\/p>\n<h3>Seg\u00edt\u00fcnk az aut\u00f3ra szerel\u00e9sben is<\/h3>\n<p>A dobozokat \u00e9s a hordoz\u00f3t a k\u00f6lcs\u00f6nz\u00e9s kezdete el\u0151tti napon 15:00 \u00e9s 16:30 k\u00f6z\u00f6tt veheti \u00e1t. A k\u00f6lcs\u00f6nz\u00f6tt t\u00e1rgyakat a k\u00f6lcs\u00f6nz\u00e9s lej\u00e1rt\u00e1t k\u00f6vet\u0151 napon 10:00 \u00f3r\u00e1ig kell visszahoznia. C\u00e9g\u00fcnk fi\u00f3ktelepe a k\u00f6vetkez\u0151 c\u00edmen Tal\u00e1lhat\u00f3: Dunaszerdahely, Mlie\u010dany 63. sz\u00e1m alatt. Ha felkeltett\u00fck \u00e9rdekl\u0151d\u00e9s\u00e9t, keressen minket a <strong>+421 905 30 40 51<\/strong>-es telefonsz\u00e1mon vagy k\u00fcldj\u00f6n emailt az <strong>info@gumywebshop.sk<\/strong> e-mail c\u00edmre.[\/turbo_content_block][\/vc_column][\/vc_row][vc_row][vc_column][turbo_content_block layout=&#8221;turbo-grid&#8221; heading_title=&#8221;Mit kell tudni a tet\u0151boxb\u00e9rl\u00e9s el\u0151tt?&#8221; content_blocks=&#8221;%5B%5D&#8221;]Hozza mag\u00e1val az \u00e9rv\u00e9nyes <strong>szem\u00e9lyazonos\u00edt\u00f3 okm\u00e1nyt<\/strong> (\u00e1llampolg\u00e1ri igazolv\u00e1ny, \u00fatlev\u00e9l).<\/p>\n<p>A megfelel\u0151 tet\u0151box <strong>kiv\u00e1laszt\u00e1sa ut\u00e1n<\/strong> al\u00e1\u00edrja a b\u00e9rleti szerz\u0151d\u00e9st, kifizeti a b\u00e9rleti d\u00edjat \u00e9s a megfelel\u0151 kauci\u00f3t.<\/p>\n<p>A tet\u0151boxot <strong>felszerelj\u00fck aut\u00f3j\u00e1ra<\/strong> \u00e9s elmagyar\u00e1zzuk a haszn\u00e1lat\u00e1t.<\/p>\n<p>Visszak\u00fcld\u00e9skor <strong>leszerelj\u00fck a tet\u0151boxot<\/strong> \u00e9s visszaadjuk a kauci\u00f3t.[\/turbo_content_block][\/vc_column][\/vc_row][vc_row disable_element=&#8221;yes&#8221;][vc_column][turbo_testimonial testimonial_layout=&#8221;layout_two&#8221; orderby=&#8221;date&#8221; order=&#8221;asc&#8221; testimonial_banner_title=&#8221;\u010co hovoria klienti&#8221; posts_per_page=&#8221;-1&#8243;][\/vc_column][\/vc_row][vc_row disable_element=&#8221;yes&#8221;][vc_column][turbo_element_accordions accordion_banner_title=&#8221;Getting started&#8221;][turbo_element_accordion accordion_link_title=&#8221;How to contact with riders emergency ?&#8221; accordion_link_desc=&#8221;There are many variations of passages of Lorem Ipsum available, but the majority have suffered alteration in some form, by injected humour, or randomised words which don&#8217;t look even slightly believable. If you are going to use a passage of Lorem Ipsum, you need to be sure there isn&#8217;t anything embarrassing hidden in the middle of text. All the Lorem Ipsum generators on the Internet tend to repeat predefined chunks as necessary, making this the first true generator on the Internet. It uses a dictionary of over 200 Latin words,&#8221; accordion_link_id=&#8221;1&#8243;][turbo_element_accordion accordion_link_title=&#8221;App installation failed, how to update system information?&#8221; accordion_link_desc=&#8221;There are many variations of passages of Lorem Ipsum available, but the majority have suffered alteration in some form, by injected humour, or randomised words which don&#8217;t look even slightly believable. If you are going to use a passage of Lorem Ipsum, you need to be sure there isn&#8217;t anything embarrassing hidden in the middle of text. All the Lorem Ipsum generators on the Internet tend to repeat predefined chunks as necessary, making this the first true generator on the Internet. It uses a dictionary of over 200 Latin words,&#8221; accordion_link_id=&#8221;2&#8243;][turbo_element_accordion accordion_link_title=&#8221;Website reponse taking time, how to improve?&#8221; accordion_link_desc=&#8221;There are many variations of passages of Lorem Ipsum available, but the majority have suffered alteration in some form, by injected humour, or randomised words which don&#8217;t look even slightly believable. If you are going to use a passage of Lorem Ipsum, you need to be sure there isn&#8217;t anything embarrassing hidden in the middle of text. All the Lorem Ipsum generators on the Internet tend to repeat predefined chunks as necessary, making this the first true generator on the Internet. It uses a dictionary of over 200 Latin words,&#8221; accordion_link_id=&#8221;3&#8243;][turbo_element_accordion accordion_link_title=&#8221;New update fixed all bug and issues&#8221; accordion_link_desc=&#8221;There are many variations of passages of Lorem Ipsum available, but the majority have suffered alteration in some form, by injected humour, or randomised words which don&#8217;t look even slightly believable. If you are going to use a passage of Lorem Ipsum, you need to be sure there isn&#8217;t anything embarrassing hidden in the middle of text. All the Lorem Ipsum generators on the Internet tend to repeat predefined chunks as necessary, making this the first true generator on the Internet. It uses a dictionary of over 200 Latin words,&#8221; accordion_link_id=&#8221;4&#8243;][\/turbo_element_accordions][\/vc_column][\/vc_row][vc_row][vc_column][turbo_helpline title=&#8221;K\u00e9rd\u00e9se van? B\u00e1tran h\u00edvjon minket!&#8221; phone=&#8221;+421 905 304 051&#8243;][\/vc_column][\/vc_row]<\/p>\n","protected":false},"excerpt":{"rendered":"<p>[vc_row turbo_section_wrapper=&#8221;turbo_container&#8221; css=&#8221;.vc_custom_1671787368921{background-image: url(https:\/\/www.stresnyboxds.sk\/wp-content\/uploads\/2022\/12\/bg-stresne-boxy.jpg?id=1749) !important;background-position: center !important;background-repeat: no-repeat !important;background-size: contain !important;}&#8221; el_class=&#8221;intro-search-box&#8221;][vc_column css=&#8221;.vc_custom_1671786384830{margin-right: 0px !important;margin-bottom: 0px !important;margin-left: 0px !important;border-top-width: 0px !important;padding-top: 0px !important;padding-right: 0px !important;padding-bottom: 0px !important;padding-left: 0px !important;}&#8221;][vc_widget_sidebar sidebar_id=&#8221;home-sk&#8221; el_class=&#8221;search-box&#8221;][\/vc_column][\/vc_row][vc_row el_class=&#8221;intro-text&#8221;][vc_column][turbo_content_block layout=&#8221;turbo-grid&#8221; heading_title=&#8221;Tet\u0151doboz b\u00e9rl\u00e9s Dunaszerdahelyen&#8221; content_blocks=&#8221;%5B%7B%22title%22%3A%221.%20Hozza%20l%C3%A9tre%20a%20rendel%C3%A9s%C3%A9t%22%2C%22description%22%3A%22A%20tet%C5%91box%20%C3%A1tv%C3%A9tele%2015%3A00%20%C3%A9s%2016%3A30%20k%C3%B6z%C3%B6tt%20lehets%C3%A9ges.%20Visszak%C3%BCldeni%2010%20%C3%B3r%C3%A1ig%20lehets%C3%A9ges.%22%2C%22block_image%22%3A%221687%22%7D%2C%7B%22title%22%3A%222.%20J%C3%B6jj%C3%B6n%20tet%C5%91box%C3%A9rt%22%2C%22description%22%3A%22A%20tet%C5%91boxot%20Kistejedben%20(Dunaszerdahely%20r%C3%A9sze)%20lehet%20%C3%A1tvenni.%22%2C%22block_image%22%3A%221685%22%7D%2C%7B%22title%22%3A%223.%20Kellemes%20utat%20k%C3%ADv%C3%A1nunk%22%2C%22description%22%3A%22Sz%C3%ADvesen%20seg%C3%ADt%C3%BCnk%20az%20aut%C3%B3ra%20val%C3%B3%20felszerel%C3%A9sben%20is%2C%20hogy%20utaz%C3%A1sa%20a%20lehet%C5%91%20legkellemesebb%20legyen.%22%2C%22block_image%22%3A%221689%22%7D%5D&#8221; bg_css=&#8221;.vc_custom_1677488025274{padding-bottom: 0px !important;}&#8221;]S\u00edelni j\u00e1r a hegyekbe, vagy sok csomagja van a csal\u00e1di kir\u00e1ndul\u00e1sokon? Nem f\u00e9rnek el a csomagok [&hellip;]<\/p>\n","protected":false},"author":1,"featured_media":0,"parent":0,"menu_order":0,"comment_status":"closed","ping_status":"closed","template":"page-templates\/home-page.php","meta":[],"yoast_head":"<!-- This site is optimized with the Yoast SEO plugin v20.3 - https:\/\/yoast.com\/wordpress\/plugins\/seo\/ -->\n<title>F\u0151oldal - StresnyboxDS.sk<\/title>\n<meta name=\"description\" content=\"Tet\u0151box b\u00e9rl\u00e9s Dunaszerdahely \u00e9s k\u00f6rny\u00e9k\u00e9n. Min\u0151s\u00e9gi tet\u0151boxok b\u00e9relhet\u0151k, gyorsan, olcs\u00f3n \u00e9s gondtalanul.\" \/>\n<meta name=\"robots\" content=\"index, follow, max-snippet:-1, max-image-preview:large, max-video-preview:-1\" \/>\n<link rel=\"canonical\" href=\"https:\/\/www.stresnyboxds.sk\/hu\/\" \/>\n<meta property=\"og:locale\" content=\"hu_HU\" \/>\n<meta property=\"og:type\" content=\"article\" \/>\n<meta property=\"og:title\" content=\"F\u0151oldal - StresnyboxDS.sk\" \/>\n<meta property=\"og:description\" content=\"Tet\u0151box b\u00e9rl\u00e9s Dunaszerdahely \u00e9s k\u00f6rny\u00e9k\u00e9n. Min\u0151s\u00e9gi tet\u0151boxok b\u00e9relhet\u0151k, gyorsan, olcs\u00f3n \u00e9s gondtalanul.\" \/>\n<meta property=\"og:url\" content=\"https:\/\/www.stresnyboxds.sk\/hu\/\" \/>\n<meta property=\"og:site_name\" content=\"StresnyboxDS.sk\" \/>\n<meta property=\"article:modified_time\" content=\"2023-09-07T08:28:54+00:00\" \/>\n<meta name=\"twitter:card\" content=\"summary_large_image\" \/>\n<meta name=\"twitter:label1\" content=\"Becs\u00fclt olvas\u00e1si id\u0151\" \/>\n\t<meta name=\"twitter:data1\" content=\"4 perc\" \/>\n<script type=\"application\/ld+json\" class=\"yoast-schema-graph\">{\"@context\":\"https:\/\/schema.org\",\"@graph\":[{\"@type\":\"WebPage\",\"@id\":\"https:\/\/www.stresnyboxds.sk\/hu\/\",\"url\":\"https:\/\/www.stresnyboxds.sk\/hu\/\",\"name\":\"F\u0151oldal - StresnyboxDS.sk\",\"isPartOf\":{\"@id\":\"https:\/\/www.stresnyboxds.sk\/hu\/#website\"},\"datePublished\":\"2022-12-16T10:39:19+00:00\",\"dateModified\":\"2023-09-07T08:28:54+00:00\",\"description\":\"Tet\u0151box b\u00e9rl\u00e9s Dunaszerdahely \u00e9s k\u00f6rny\u00e9k\u00e9n. Min\u0151s\u00e9gi tet\u0151boxok b\u00e9relhet\u0151k, gyorsan, olcs\u00f3n \u00e9s gondtalanul.\",\"breadcrumb\":{\"@id\":\"https:\/\/www.stresnyboxds.sk\/hu\/#breadcrumb\"},\"inLanguage\":\"hu\",\"potentialAction\":[{\"@type\":\"ReadAction\",\"target\":[\"https:\/\/www.stresnyboxds.sk\/hu\/\"]}]},{\"@type\":\"BreadcrumbList\",\"@id\":\"https:\/\/www.stresnyboxds.sk\/hu\/#breadcrumb\",\"itemListElement\":[{\"@type\":\"ListItem\",\"position\":1,\"name\":\"\u00davod\",\"item\":\"https:\/\/www.stresnyboxds.sk\/hu\/\"},{\"@type\":\"ListItem\",\"position\":2,\"name\":\"F\u0151oldal\"}]},{\"@type\":\"WebSite\",\"@id\":\"https:\/\/www.stresnyboxds.sk\/hu\/#website\",\"url\":\"https:\/\/www.stresnyboxds.sk\/hu\/\",\"name\":\"StresnyboxDS.sk\",\"description\":\"\",\"potentialAction\":[{\"@type\":\"SearchAction\",\"target\":{\"@type\":\"EntryPoint\",\"urlTemplate\":\"https:\/\/www.stresnyboxds.sk\/hu\/?s={search_term_string}\"},\"query-input\":\"required name=search_term_string\"}],\"inLanguage\":\"hu\"}]}<\/script>\n<!-- \/ Yoast SEO plugin. -->","yoast_head_json":{"title":"F\u0151oldal - StresnyboxDS.sk","description":"Tet\u0151box b\u00e9rl\u00e9s Dunaszerdahely \u00e9s k\u00f6rny\u00e9k\u00e9n. Min\u0151s\u00e9gi tet\u0151boxok b\u00e9relhet\u0151k, gyorsan, olcs\u00f3n \u00e9s gondtalanul.","robots":{"index":"index","follow":"follow","max-snippet":"max-snippet:-1","max-image-preview":"max-image-preview:large","max-video-preview":"max-video-preview:-1"},"canonical":"https:\/\/www.stresnyboxds.sk\/hu\/","og_locale":"hu_HU","og_type":"article","og_title":"F\u0151oldal - StresnyboxDS.sk","og_description":"Tet\u0151box b\u00e9rl\u00e9s Dunaszerdahely \u00e9s k\u00f6rny\u00e9k\u00e9n. Min\u0151s\u00e9gi tet\u0151boxok b\u00e9relhet\u0151k, gyorsan, olcs\u00f3n \u00e9s gondtalanul.","og_url":"https:\/\/www.stresnyboxds.sk\/hu\/","og_site_name":"StresnyboxDS.sk","article_modified_time":"2023-09-07T08:28:54+00:00","twitter_card":"summary_large_image","twitter_misc":{"Becs\u00fclt olvas\u00e1si id\u0151":"4 perc"},"schema":{"@context":"https:\/\/schema.org","@graph":[{"@type":"WebPage","@id":"https:\/\/www.stresnyboxds.sk\/hu\/","url":"https:\/\/www.stresnyboxds.sk\/hu\/","name":"F\u0151oldal - StresnyboxDS.sk","isPartOf":{"@id":"https:\/\/www.stresnyboxds.sk\/hu\/#website"},"datePublished":"2022-12-16T10:39:19+00:00","dateModified":"2023-09-07T08:28:54+00:00","description":"Tet\u0151box b\u00e9rl\u00e9s Dunaszerdahely \u00e9s k\u00f6rny\u00e9k\u00e9n. Min\u0151s\u00e9gi tet\u0151boxok b\u00e9relhet\u0151k, gyorsan, olcs\u00f3n \u00e9s gondtalanul.","breadcrumb":{"@id":"https:\/\/www.stresnyboxds.sk\/hu\/#breadcrumb"},"inLanguage":"hu","potentialAction":[{"@type":"ReadAction","target":["https:\/\/www.stresnyboxds.sk\/hu\/"]}]},{"@type":"BreadcrumbList","@id":"https:\/\/www.stresnyboxds.sk\/hu\/#breadcrumb","itemListElement":[{"@type":"ListItem","position":1,"name":"\u00davod","item":"https:\/\/www.stresnyboxds.sk\/hu\/"},{"@type":"ListItem","position":2,"name":"F\u0151oldal"}]},{"@type":"WebSite","@id":"https:\/\/www.stresnyboxds.sk\/hu\/#website","url":"https:\/\/www.stresnyboxds.sk\/hu\/","name":"StresnyboxDS.sk","description":"","potentialAction":[{"@type":"SearchAction","target":{"@type":"EntryPoint","urlTemplate":"https:\/\/www.stresnyboxds.sk\/hu\/?s={search_term_string}"},"query-input":"required name=search_term_string"}],"inLanguage":"hu"}]}},"_links":{"self":[{"href":"https:\/\/www.stresnyboxds.sk\/hu\/wp-json\/wp\/v2\/pages\/1644"}],"collection":[{"href":"https:\/\/www.stresnyboxds.sk\/hu\/wp-json\/wp\/v2\/pages"}],"about":[{"href":"https:\/\/www.stresnyboxds.sk\/hu\/wp-json\/wp\/v2\/types\/page"}],"author":[{"embeddable":true,"href":"https:\/\/www.stresnyboxds.sk\/hu\/wp-json\/wp\/v2\/users\/1"}],"replies":[{"embeddable":true,"href":"https:\/\/www.stresnyboxds.sk\/hu\/wp-json\/wp\/v2\/comments?post=1644"}],"version-history":[{"count":6,"href":"https:\/\/www.stresnyboxds.sk\/hu\/wp-json\/wp\/v2\/pages\/1644\/revisions"}],"predecessor-version":[{"id":1776,"href":"https:\/\/www.stresnyboxds.sk\/hu\/wp-json\/wp\/v2\/pages\/1644\/revisions\/1776"}],"wp:attachment":[{"href":"https:\/\/www.stresnyboxds.sk\/hu\/wp-json\/wp\/v2\/media?parent=1644"}],"curies":[{"name":"wp","href":"https:\/\/api.w.org\/{rel}","templated":true}]}}