{"id":1647,"date":"2022-12-16T12:05:58","date_gmt":"2022-12-16T11:05:58","guid":{"rendered":"https:\/\/www.stresnyboxds.sk\/list-hu\/"},"modified":"2022-12-16T12:08:11","modified_gmt":"2022-12-16T11:08:11","slug":"termekek","status":"publish","type":"page","link":"https:\/\/www.stresnyboxds.sk\/hu\/termekek\/","title":{"rendered":"Term\u00e9kek"},"content":{"rendered":"\n<div class=\"wrap plugin-container\">\n\n\t\n\t\n\t\t<h3 class=\"vrcclistheadt\">Tet\u0151box<\/h3>\n\t\t\t<div class=\"vrccatdescr\">\n\t\t\tDunaszerdahelyen k\u00edn\u00e1lunk b\u00e9relhet\u0151 <strong>Thule m\u00e1rk\u00e1j\u00fa tet\u0151boxokat<\/strong> \u00e9s keresztir\u00e1ny\u00fa tet\u0151csomagtart\u00f3kat.\t\t<\/div>\n\t\t<div class=\"vrc-search-results-block\">\n\n\t<div class=\"car_result\">\n\t\t<div class=\"vrc-car-result-left\">\n\t\t\t\t\t<img class=\"imgresult\" alt=\"Thule Pacific 780 | Antracit\" src=\"https:\/\/www.stresnyboxds.sk\/wp-content\/plugins\/vikrentcar\/admin\/resources\/vthumb_thule-pacific-780-antracit-aeroskin.jpg\"\/>\n\t\t\t\t\t<\/div>\n\t\t<div class=\"vrc-car-result-right\">\n\t\t\t<div class=\"vrc-car-result-rightinner\">\n\t\t\t\t<div class=\"vrc-car-result-rightinner-deep\">\n\t\t\t\t\t<div class=\"vrc-car-result-inner\">\n\t\t\t\t\t\t<h4 class=\"vrc-car-name\">\n\t\t\t\t\t\t\t<a href=\"https:\/\/www.stresnyboxds.sk\/hu\/termekek\/?option=com_vikrentcar&amp;view=cardetails&amp;carid=1\">Thule Pacific 780 | Antracit<\/a>\n\t\t\t\t\t\t<\/h4>\n\t\t\t\t\t\t\t\t\t\t\t<div class=\"vrc-car-category\">Tet\u0151box<\/div>\n\t\t\t\t\t\t\t\t\t\t\t\t<div class=\"vrc-car-result-description\">\n\t\t\t\t\t\tA n\u00e9pszer\u0171 Thule Pacific 780 Anracit tet\u0151box teljes bels\u0151 t\u00e9rfogata 420 l. A s\u00edl\u00e9cek form\u00e1j\u00e1t\u00f3l f\u00fcgg\u0151en egyszerre 5-6 p\u00e1r s\u00edl\u00e9cet vagy ak\u00e1r 4-5 snowboardot is sz\u00e1ll\u00edthatunk a dobozban. A s\u00edl\u00e9cek vagy snowboardok maxim\u00e1lis hossza 180 cm.\t\t\t\t\t\t<\/div>\n\t\t\t\t\t\t\t\t\t\t\t<\/div>\n\t\t\t\t\t<div class=\"vrc-car-lastblock\">\n\t\t\t\t\t\t<div class=\"vrc-car-price\">\n\t\t\t\t\t\t\t<div class=\"vrcsrowpricediv\">\n\t\t\t\t\t\t\t\t\t\t\t\t\t\t\t<span class=\"vrcstartfrom\">Naponta<\/span>\n\t\t\t\t\t\t\t\t<span class=\"car_cost\"><span class=\"vrc_currency\">\u20ac<\/span> <span class=\"vrc_price\">7.00<\/span><\/span>\n\t\t\t\t\t\t\t\t\t\t\t\t\t\t<\/div>\n\t\t\t\t\t\t<\/div>\n\t\t\t\t\t\t<div class=\"vrc-car-bookingbtn\">\n\t\t\t\t\t\t\t<span class=\"vrclistgoon\"><a class=\"btn vrc-pref-color-btn\" href=\"https:\/\/www.stresnyboxds.sk\/hu\/termekek\/?option=com_vikrentcar&amp;view=cardetails&amp;carid=1\">R\u00e9szletek<\/a><\/span>\n\t\t\t\t\t\t<\/div>\n\t\t\t\t\t<\/div>\n\t\t\t\t<\/div>\n\t\t\t<\/div>\n\t\t<\/div>\n\t<\/div>\n\t<div class=\"car_separator\"><\/div>\n\t\t<div class=\"car_result\">\n\t\t<div class=\"vrc-car-result-left\">\n\t\t\t\t\t<img class=\"imgresult\" alt=\"Yakima EasyTrip 550\" src=\"https:\/\/www.stresnyboxds.sk\/wp-content\/plugins\/vikrentcar\/admin\/resources\/vthumb_easytrip-textured-black-top-of-car.jpg\"\/>\n\t\t\t\t\t<\/div>\n\t\t<div class=\"vrc-car-result-right\">\n\t\t\t<div class=\"vrc-car-result-rightinner\">\n\t\t\t\t<div class=\"vrc-car-result-rightinner-deep\">\n\t\t\t\t\t<div class=\"vrc-car-result-inner\">\n\t\t\t\t\t\t<h4 class=\"vrc-car-name\">\n\t\t\t\t\t\t\t<a href=\"https:\/\/www.stresnyboxds.sk\/hu\/termekek\/?option=com_vikrentcar&amp;view=cardetails&amp;carid=2\">Yakima EasyTrip 550<\/a>\n\t\t\t\t\t\t<\/h4>\n\t\t\t\t\t\t\t\t\t\t\t<div class=\"vrc-car-category\">Tet\u0151box<\/div>\n\t\t\t\t\t\t\t\t\t\t\t\t<div class=\"vrc-car-result-description\">\n\t\t\t\t\t\tNagym\u00e9ret\u0171 tet\u0151box, amely alkalmas terjedelmes t\u00e1rgyak sz\u00e1ll\u00edt\u00e1s\u00e1ra.\t\t\t\t\t\t<\/div>\n\t\t\t\t\t\t\t\t\t\t\t<\/div>\n\t\t\t\t\t<div class=\"vrc-car-lastblock\">\n\t\t\t\t\t\t<div class=\"vrc-car-price\">\n\t\t\t\t\t\t\t<div class=\"vrcsrowpricediv\">\n\t\t\t\t\t\t\t\t\t\t\t\t\t\t\t<span class=\"vrcstartfrom\">Naponta<\/span>\n\t\t\t\t\t\t\t\t<span class=\"car_cost\"><span class=\"vrc_currency\">\u20ac<\/span> <span class=\"vrc_price\">7.00<\/span><\/span>\n\t\t\t\t\t\t\t\t\t\t\t\t\t\t<\/div>\n\t\t\t\t\t\t<\/div>\n\t\t\t\t\t\t<div class=\"vrc-car-bookingbtn\">\n\t\t\t\t\t\t\t<span class=\"vrclistgoon\"><a class=\"btn vrc-pref-color-btn\" href=\"https:\/\/www.stresnyboxds.sk\/hu\/termekek\/?option=com_vikrentcar&amp;view=cardetails&amp;carid=2\">R\u00e9szletek<\/a><\/span>\n\t\t\t\t\t\t<\/div>\n\t\t\t\t\t<\/div>\n\t\t\t\t<\/div>\n\t\t\t<\/div>\n\t\t<\/div>\n\t<\/div>\n\t<div class=\"car_separator\"><\/div>\n\t\t<div class=\"car_result\">\n\t\t<div class=\"vrc-car-result-left\">\n\t\t\t\t\t<img class=\"imgresult\" alt=\"Thule Pacific 780 | Black\" src=\"https:\/\/www.stresnyboxds.sk\/wp-content\/plugins\/vikrentcar\/admin\/resources\/vthumb_1thule-pacific-780-antracit-aeroskin.jpg\"\/>\n\t\t\t\t\t<\/div>\n\t\t<div class=\"vrc-car-result-right\">\n\t\t\t<div class=\"vrc-car-result-rightinner\">\n\t\t\t\t<div class=\"vrc-car-result-rightinner-deep\">\n\t\t\t\t\t<div class=\"vrc-car-result-inner\">\n\t\t\t\t\t\t<h4 class=\"vrc-car-name\">\n\t\t\t\t\t\t\t<a href=\"https:\/\/www.stresnyboxds.sk\/hu\/termekek\/?option=com_vikrentcar&amp;view=cardetails&amp;carid=3\">Thule Pacific 780 | Black<\/a>\n\t\t\t\t\t\t<\/h4>\n\t\t\t\t\t\t\t\t\t\t\t<div class=\"vrc-car-category\">Tet\u0151box<\/div>\n\t\t\t\t\t\t\t\t\t\t\t\t<div class=\"vrc-car-result-description\">\n\t\t\t\t\t\tA n\u00e9pszer\u0171 Thule Pacific 780 Black tet\u0151box teljes bels\u0151 t\u00e9rfogata 420 l. A s\u00edl\u00e9cek form\u00e1j\u00e1t\u00f3l f\u00fcgg\u0151en egyszerre 5-6 p\u00e1r s\u00edl\u00e9cet vagy ak\u00e1r 4-5 snowboardot is sz\u00e1ll\u00edthatunk a dobozban. A s\u00edl\u00e9cek vagy snowboardok maxim\u00e1lis hossza 180 cm.\t\t\t\t\t\t<\/div>\n\t\t\t\t\t\t\t\t\t\t\t<\/div>\n\t\t\t\t\t<div class=\"vrc-car-lastblock\">\n\t\t\t\t\t\t<div class=\"vrc-car-price\">\n\t\t\t\t\t\t\t<div class=\"vrcsrowpricediv\">\n\t\t\t\t\t\t\t\t\t\t\t\t\t\t\t<span class=\"vrcstartfrom\">Naponta<\/span>\n\t\t\t\t\t\t\t\t<span class=\"car_cost\"><span class=\"vrc_currency\">\u20ac<\/span> <span class=\"vrc_price\">7.00<\/span><\/span>\n\t\t\t\t\t\t\t\t\t\t\t\t\t\t<\/div>\n\t\t\t\t\t\t<\/div>\n\t\t\t\t\t\t<div class=\"vrc-car-bookingbtn\">\n\t\t\t\t\t\t\t<span class=\"vrclistgoon\"><a class=\"btn vrc-pref-color-btn\" href=\"https:\/\/www.stresnyboxds.sk\/hu\/termekek\/?option=com_vikrentcar&amp;view=cardetails&amp;carid=3\">R\u00e9szletek<\/a><\/span>\n\t\t\t\t\t\t<\/div>\n\t\t\t\t\t<\/div>\n\t\t\t\t<\/div>\n\t\t\t<\/div>\n\t\t<\/div>\n\t<\/div>\n\t<div class=\"car_separator\"><\/div>\n\t\t<div class=\"car_result\">\n\t\t<div class=\"vrc-car-result-left\">\n\t\t\t\t\t<img class=\"imgresult\" alt=\"Northline EvoSpaceTEF feh\u00e9r f\u00e9nyes\" src=\"https:\/\/www.stresnyboxds.sk\/wp-content\/plugins\/vikrentcar\/admin\/resources\/vthumb_northline-evospace-tef-white-1.jpg\"\/>\n\t\t\t\t\t<\/div>\n\t\t<div class=\"vrc-car-result-right\">\n\t\t\t<div class=\"vrc-car-result-rightinner\">\n\t\t\t\t<div class=\"vrc-car-result-rightinner-deep\">\n\t\t\t\t\t<div class=\"vrc-car-result-inner\">\n\t\t\t\t\t\t<h4 class=\"vrc-car-name\">\n\t\t\t\t\t\t\t<a href=\"https:\/\/www.stresnyboxds.sk\/hu\/termekek\/?option=com_vikrentcar&amp;view=cardetails&amp;carid=4\">Northline EvoSpaceTEF feh\u00e9r f\u00e9nyes<\/a>\n\t\t\t\t\t\t<\/h4>\n\t\t\t\t\t\t\t\t\t\t\t<div class=\"vrc-car-category\">Tet\u0151box<\/div>\n\t\t\t\t\t\t\t\t\t\t\t\t<div class=\"vrc-car-result-description\">\n\t\t\t\t\t\tNovinka! Pripravili sme V\u00e1m \u010fal\u0161\u00ed stre\u0161n\u00fd box od roka 2025. Northline EvoSpace v kr\u00e1snej bioelej lesklej farbe.\t\t\t\t\t\t<\/div>\n\t\t\t\t\t\t\t\t\t\t\t<\/div>\n\t\t\t\t\t<div class=\"vrc-car-lastblock\">\n\t\t\t\t\t\t<div class=\"vrc-car-price\">\n\t\t\t\t\t\t\t<div class=\"vrcsrowpricediv\">\n\t\t\t\t\t\t\t\t\t\t\t\t\t\t\t<span class=\"vrcstartfrom\">Naponta<\/span>\n\t\t\t\t\t\t\t\t<span class=\"car_cost\"><span class=\"vrc_currency\">\u20ac<\/span> <span class=\"vrc_price\">7.00<\/span><\/span>\n\t\t\t\t\t\t\t\t\t\t\t\t\t\t<\/div>\n\t\t\t\t\t\t<\/div>\n\t\t\t\t\t\t<div class=\"vrc-car-bookingbtn\">\n\t\t\t\t\t\t\t<span class=\"vrclistgoon\"><a class=\"btn vrc-pref-color-btn\" href=\"https:\/\/www.stresnyboxds.sk\/hu\/termekek\/?option=com_vikrentcar&amp;view=cardetails&amp;carid=4\">R\u00e9szletek<\/a><\/span>\n\t\t\t\t\t\t<\/div>\n\t\t\t\t\t<\/div>\n\t\t\t\t<\/div>\n\t\t\t<\/div>\n\t\t<\/div>\n\t<\/div>\n\t<div class=\"car_separator\"><\/div>\n\t<\/div>\n\n<script type=\"text\/javascript\">\njQuery(document).ready(function() {\n\tif (jQuery('.car_result').length) {\n\t\tjQuery('.car_result').each(function() {\n\t\t\tvar car_img = jQuery(this).find('.vrc-car-result-left').find('img');\n\t\t\tif (car_img.length) {\n\t\t\t\tjQuery(this).find('.vrc-car-result-right').find('.vrc-car-result-rightinner').find('.vrc-car-result-rightinner-deep').find('.vrc-car-result-inner').css('min-height', car_img.height()+'px');\n\t\t\t}\n\t\t});\n\t};\n});\n<\/script>\n\n<\/div>\n\n","protected":false},"excerpt":{"rendered":"Tet\u0151box Dunaszerdahelyen k\u00edn\u00e1lunk b\u00e9relhet\u0151 Thule m\u00e1rk\u00e1j\u00fa tet\u0151boxokat \u00e9s keresztir\u00e1ny\u00fa tet\u0151csomagtart\u00f3kat. Thule Pacific 780 | Antracit Tet\u0151box A n\u00e9pszer\u0171 Thule Pacific 780 Anracit tet\u0151box teljes bels\u0151 t\u00e9rfogata 420 l. A s\u00edl\u00e9cek form\u00e1j\u00e1t\u00f3l f\u00fcgg\u0151en egyszerre 5-6 p\u00e1r s\u00edl\u00e9cet vagy ak\u00e1r 4-5 snowboardot is sz\u00e1ll\u00edthatunk a dobozban. A s\u00edl\u00e9cek vagy snowboardok maxim\u00e1lis hossza 180 cm. Naponta \u20ac 7.00 [...]","protected":false},"author":1,"featured_media":0,"parent":0,"menu_order":0,"comment_status":"closed","ping_status":"closed","template":"page-templates\/full-width-page.php","meta":[],"yoast_head":"<!-- This site is optimized with the Yoast SEO plugin v20.3 - https:\/\/yoast.com\/wordpress\/plugins\/seo\/ -->\n<title>Term\u00e9kek - StresnyboxDS.sk<\/title>\n<meta name=\"robots\" content=\"index, follow, max-snippet:-1, max-image-preview:large, max-video-preview:-1\" \/>\n<link rel=\"canonical\" href=\"https:\/\/www.stresnyboxds.sk\/hu\/termekek\/\" \/>\n<meta property=\"og:locale\" content=\"hu_HU\" \/>\n<meta property=\"og:type\" content=\"article\" \/>\n<meta property=\"og:title\" content=\"Term\u00e9kek - StresnyboxDS.sk\" \/>\n<meta property=\"og:url\" content=\"https:\/\/www.stresnyboxds.sk\/hu\/termekek\/\" \/>\n<meta property=\"og:site_name\" content=\"StresnyboxDS.sk\" \/>\n<meta property=\"article:modified_time\" content=\"2022-12-16T11:08:11+00:00\" \/>\n<meta name=\"twitter:card\" content=\"summary_large_image\" \/>\n<meta name=\"twitter:label1\" content=\"Becs\u00fclt olvas\u00e1si id\u0151\" \/>\n\t<meta name=\"twitter:data1\" content=\"1 perc\" \/>\n<script type=\"application\/ld+json\" class=\"yoast-schema-graph\">{\"@context\":\"https:\/\/schema.org\",\"@graph\":[{\"@type\":\"WebPage\",\"@id\":\"https:\/\/www.stresnyboxds.sk\/hu\/termekek\/\",\"url\":\"https:\/\/www.stresnyboxds.sk\/hu\/termekek\/\",\"name\":\"Term\u00e9kek - StresnyboxDS.sk\",\"isPartOf\":{\"@id\":\"https:\/\/www.stresnyboxds.sk\/hu\/#website\"},\"datePublished\":\"2022-12-16T11:05:58+00:00\",\"dateModified\":\"2022-12-16T11:08:11+00:00\",\"breadcrumb\":{\"@id\":\"https:\/\/www.stresnyboxds.sk\/hu\/termekek\/#breadcrumb\"},\"inLanguage\":\"hu\",\"potentialAction\":[{\"@type\":\"ReadAction\",\"target\":[\"https:\/\/www.stresnyboxds.sk\/hu\/termekek\/\"]}]},{\"@type\":\"BreadcrumbList\",\"@id\":\"https:\/\/www.stresnyboxds.sk\/hu\/termekek\/#breadcrumb\",\"itemListElement\":[{\"@type\":\"ListItem\",\"position\":1,\"name\":\"\u00davod\",\"item\":\"https:\/\/www.stresnyboxds.sk\/hu\/\"},{\"@type\":\"ListItem\",\"position\":2,\"name\":\"Term\u00e9kek\"}]},{\"@type\":\"WebSite\",\"@id\":\"https:\/\/www.stresnyboxds.sk\/hu\/#website\",\"url\":\"https:\/\/www.stresnyboxds.sk\/hu\/\",\"name\":\"StresnyboxDS.sk\",\"description\":\"\",\"potentialAction\":[{\"@type\":\"SearchAction\",\"target\":{\"@type\":\"EntryPoint\",\"urlTemplate\":\"https:\/\/www.stresnyboxds.sk\/hu\/?s={search_term_string}\"},\"query-input\":\"required name=search_term_string\"}],\"inLanguage\":\"hu\"}]}<\/script>\n<!-- \/ Yoast SEO plugin. -->","yoast_head_json":{"title":"Term\u00e9kek - StresnyboxDS.sk","robots":{"index":"index","follow":"follow","max-snippet":"max-snippet:-1","max-image-preview":"max-image-preview:large","max-video-preview":"max-video-preview:-1"},"canonical":"https:\/\/www.stresnyboxds.sk\/hu\/termekek\/","og_locale":"hu_HU","og_type":"article","og_title":"Term\u00e9kek - StresnyboxDS.sk","og_url":"https:\/\/www.stresnyboxds.sk\/hu\/termekek\/","og_site_name":"StresnyboxDS.sk","article_modified_time":"2022-12-16T11:08:11+00:00","twitter_card":"summary_large_image","twitter_misc":{"Becs\u00fclt olvas\u00e1si id\u0151":"1 perc"},"schema":{"@context":"https:\/\/schema.org","@graph":[{"@type":"WebPage","@id":"https:\/\/www.stresnyboxds.sk\/hu\/termekek\/","url":"https:\/\/www.stresnyboxds.sk\/hu\/termekek\/","name":"Term\u00e9kek - StresnyboxDS.sk","isPartOf":{"@id":"https:\/\/www.stresnyboxds.sk\/hu\/#website"},"datePublished":"2022-12-16T11:05:58+00:00","dateModified":"2022-12-16T11:08:11+00:00","breadcrumb":{"@id":"https:\/\/www.stresnyboxds.sk\/hu\/termekek\/#breadcrumb"},"inLanguage":"hu","potentialAction":[{"@type":"ReadAction","target":["https:\/\/www.stresnyboxds.sk\/hu\/termekek\/"]}]},{"@type":"BreadcrumbList","@id":"https:\/\/www.stresnyboxds.sk\/hu\/termekek\/#breadcrumb","itemListElement":[{"@type":"ListItem","position":1,"name":"\u00davod","item":"https:\/\/www.stresnyboxds.sk\/hu\/"},{"@type":"ListItem","position":2,"name":"Term\u00e9kek"}]},{"@type":"WebSite","@id":"https:\/\/www.stresnyboxds.sk\/hu\/#website","url":"https:\/\/www.stresnyboxds.sk\/hu\/","name":"StresnyboxDS.sk","description":"","potentialAction":[{"@type":"SearchAction","target":{"@type":"EntryPoint","urlTemplate":"https:\/\/www.stresnyboxds.sk\/hu\/?s={search_term_string}"},"query-input":"required name=search_term_string"}],"inLanguage":"hu"}]}},"_links":{"self":[{"href":"https:\/\/www.stresnyboxds.sk\/hu\/wp-json\/wp\/v2\/pages\/1647"}],"collection":[{"href":"https:\/\/www.stresnyboxds.sk\/hu\/wp-json\/wp\/v2\/pages"}],"about":[{"href":"https:\/\/www.stresnyboxds.sk\/hu\/wp-json\/wp\/v2\/types\/page"}],"author":[{"embeddable":true,"href":"https:\/\/www.stresnyboxds.sk\/hu\/wp-json\/wp\/v2\/users\/1"}],"replies":[{"embeddable":true,"href":"https:\/\/www.stresnyboxds.sk\/hu\/wp-json\/wp\/v2\/comments?post=1647"}],"version-history":[{"count":1,"href":"https:\/\/www.stresnyboxds.sk\/hu\/wp-json\/wp\/v2\/pages\/1647\/revisions"}],"predecessor-version":[{"id":1650,"href":"https:\/\/www.stresnyboxds.sk\/hu\/wp-json\/wp\/v2\/pages\/1647\/revisions\/1650"}],"wp:attachment":[{"href":"https:\/\/www.stresnyboxds.sk\/hu\/wp-json\/wp\/v2\/media?parent=1647"}],"curies":[{"name":"wp","href":"https:\/\/api.w.org\/{rel}","templated":true}]}}