{"id":1662,"date":"2022-11-18T14:13:04","date_gmt":"2022-11-18T13:13:04","guid":{"rendered":"https:\/\/www.stresnyboxds.sk\/?page_id=1662"},"modified":"2022-12-18T15:01:41","modified_gmt":"2022-12-18T14:01:41","slug":"kapcsolat","status":"publish","type":"page","link":"https:\/\/www.stresnyboxds.sk\/hu\/kapcsolat\/","title":{"rendered":"Kapcsolat"},"content":{"rendered":"<p>[vc_row][vc_column][turbo_address_holder][turbo_address_block turbowp_address_icon=&#8221;fas fa-mobile-alt&#8221; turbowp_address_title=&#8221;Telefonsz\u00e1m&#8221; turbowp_address_field_one=&#8221;+421 905 30 40 51&#8243; turbowp_address_field_two=&#8221;\u2022 h\u00edvj minket b\u00e1tran \u2022&#8221;][turbo_address_block turbowp_address_icon=&#8221;fas fa-map-marker-alt&#8221; turbowp_address_title=&#8221;C\u00edm&#8221; turbowp_address_field_one=&#8221;Mlie\u010dany 63, 929 01 Dunaszerdahely&#8221; turbowp_address_field_two=&#8221;Szlov\u00e1kia&#8221;][turbo_address_block turbowp_address_icon=&#8221;far fa-envelope&#8221; turbowp_address_title=&#8221;E-mail c\u00edm&#8221; turbowp_address_field_one=&#8221;info@stresnyboxds.sk&#8221; turbowp_address_field_two=&#8221;\u2022 \u00edrj nek\u00fcnk, v\u00e1laszolunk \u2022&#8221;][\/turbo_address_holder][\/vc_column][\/vc_row][vc_row][vc_column]\n<div class=\"wpcf7 no-js\" id=\"wpcf7-f1672-o1\" lang=\"hu-HU\" dir=\"ltr\">\n<div class=\"screen-reader-response\"><p role=\"status\" aria-live=\"polite\" aria-atomic=\"true\"><\/p> <ul><\/ul><\/div>\n<form action=\"\/hu\/wp-json\/wp\/v2\/pages\/1662#wpcf7-f1672-o1\" method=\"post\" class=\"wpcf7-form init\" aria-label=\"Kapcsolatfelv\u00e9teli \u0171rlap\" novalidate=\"novalidate\" data-status=\"init\">\n<div style=\"display: none;\">\n<input type=\"hidden\" name=\"_wpcf7\" value=\"1672\" \/>\n<input type=\"hidden\" name=\"_wpcf7_version\" value=\"5.7.4\" \/>\n<input type=\"hidden\" name=\"_wpcf7_locale\" value=\"hu_HU\" \/>\n<input type=\"hidden\" name=\"_wpcf7_unit_tag\" value=\"wpcf7-f1672-o1\" \/>\n<input type=\"hidden\" name=\"_wpcf7_container_post\" value=\"0\" \/>\n<input type=\"hidden\" name=\"_wpcf7_posted_data_hash\" value=\"\" \/>\n<input type=\"hidden\" name=\"_wpcf7_recaptcha_response\" value=\"\" \/>\n<\/div>\n<div class=\"rq-contact-us-form-content\">\n\t<h3>Amennyiben k\u00e9rd\u00e9sed van,<br \/>\nb\u00e1tran l\u00e9pj vel\u00fcnk kapcsolatba\n\t<\/h3>\n\t<p><span class=\"wpcf7-form-control-wrap\" data-name=\"fullname\"><input size=\"40\" class=\"wpcf7-form-control wpcf7-text wpcf7-validates-as-required contact-form-input\" aria-required=\"true\" aria-invalid=\"false\" placeholder=\"Teljes n\u00e9v\" value=\"\" type=\"text\" name=\"fullname\" \/><\/span><br \/>\n<span class=\"wpcf7-form-control-wrap\" data-name=\"company\"><input size=\"40\" class=\"wpcf7-form-control wpcf7-text contact-form-input\" aria-invalid=\"false\" placeholder=\"C\u00e9gn\u00e9v\" value=\"\" type=\"text\" name=\"company\" \/><\/span><br \/>\n<span class=\"wpcf7-form-control-wrap\" data-name=\"email\"><input size=\"40\" class=\"wpcf7-form-control wpcf7-text wpcf7-email wpcf7-validates-as-required wpcf7-validates-as-email contact-form-input\" aria-required=\"true\" aria-invalid=\"false\" placeholder=\"E-mail c\u00edm\" value=\"\" type=\"email\" name=\"email\" \/><\/span><br \/>\n<span class=\"wpcf7-form-control-wrap\" data-name=\"message\"><textarea cols=\"40\" rows=\"10\" class=\"wpcf7-form-control wpcf7-textarea wpcf7-validates-as-required contact-form-input\" aria-required=\"true\" aria-invalid=\"false\" name=\"message\">\u00dczenet<\/textarea><\/span><br \/>\n<label for=\"terms-privacy\"><span class=\"wpcf7-form-control-wrap\" data-name=\"terms-privacy\"><span class=\"wpcf7-form-control wpcf7-acceptance\"><span class=\"wpcf7-list-item\"><input type=\"checkbox\" name=\"terms-privacy\" value=\"1\" id=\"terms-privacy\" aria-invalid=\"false\" \/><\/span><\/span><\/span> <strong>J\u00f3v\u00e1hagyom a szem\u00e9lyes adataim kezel\u00e9s\u00e9t, feldolgoz\u00e1s\u00e1t \u00e9s t\u00e1rol\u00e1s\u00e1t.<\/strong><\/label> \u2022 <a href=\"\/hu\/altalanos-szerzodesi-feltetelek\/\" target=\"_blank\">R\u00e9szletek<\/a>\n\t<\/p>\n\t<div class=\"submit-btn\">\n\t\t<p><input class=\"wpcf7-form-control has-spinner wpcf7-submit rq-btn rq-btn-primary\" type=\"submit\" value=\"\u00dczenet k\u00fcld\u00e9se\" \/>\n\t\t<\/p>\n\t<\/div>\n<\/div><div class=\"wpcf7-response-output\" aria-hidden=\"true\"><\/div>\n<\/form>\n<\/div>\n[\/vc_column][\/vc_row][vc_row turbo_section_wrapper=&#8221;turbo_full_width&#8221; full_width=&#8221;stretch_row&#8221; css=&#8221;.vc_custom_1670781336777{margin-bottom: 0px !important;padding-bottom: 0px !important;}&#8221;][vc_column][turbo_google_map zoom=&#8221;14&#8243; lat=&#8221;47.9699436&#8243; lang=&#8221;17.6024213&#8243; address=&#8221;Mlie\u010dany 63, 929 01 Dunaszerdahely<br \/>\nSzlov\u00e1kia&#8221;][\/vc_column][\/vc_row]<\/p>\n","protected":false},"excerpt":{"rendered":"<p>[vc_row][vc_column][turbo_address_holder][turbo_address_block turbowp_address_icon=&#8221;fas fa-mobile-alt&#8221; turbowp_address_title=&#8221;Telefonsz\u00e1m&#8221; turbowp_address_field_one=&#8221;+421 905 30 40 51&#8243; turbowp_address_field_two=&#8221;\u2022 h\u00edvj minket b\u00e1tran \u2022&#8221;][turbo_address_block turbowp_address_icon=&#8221;fas fa-map-marker-alt&#8221; turbowp_address_title=&#8221;C\u00edm&#8221; turbowp_address_field_one=&#8221;Mlie\u010dany 63, 929 01 Dunaszerdahely&#8221; turbowp_address_field_two=&#8221;Szlov\u00e1kia&#8221;][turbo_address_block turbowp_address_icon=&#8221;far fa-envelope&#8221; turbowp_address_title=&#8221;E-mail c\u00edm&#8221; turbowp_address_field_one=&#8221;info@stresnyboxds.sk&#8221; turbowp_address_field_two=&#8221;\u2022 \u00edrj nek\u00fcnk, v\u00e1laszolunk \u2022&#8221;][\/turbo_address_holder][\/vc_column][\/vc_row][vc_row][vc_column][\/vc_column][\/vc_row][vc_row turbo_section_wrapper=&#8221;turbo_full_width&#8221; full_width=&#8221;stretch_row&#8221; css=&#8221;.vc_custom_1670781336777{margin-bottom: 0px !important;padding-bottom: 0px !important;}&#8221;][vc_column][turbo_google_map zoom=&#8221;14&#8243; lat=&#8221;47.9699436&#8243; lang=&#8221;17.6024213&#8243; address=&#8221;Mlie\u010dany 63, 929 01 Dunaszerdahely Szlov\u00e1kia&#8221;][\/vc_column][\/vc_row]<\/p>\n","protected":false},"author":1,"featured_media":0,"parent":0,"menu_order":0,"comment_status":"closed","ping_status":"closed","template":"","meta":[],"yoast_head":"<!-- This site is optimized with the Yoast SEO plugin v20.3 - https:\/\/yoast.com\/wordpress\/plugins\/seo\/ -->\n<title>Kapcsolat - StresnyboxDS.sk<\/title>\n<meta name=\"robots\" content=\"index, follow, max-snippet:-1, max-image-preview:large, max-video-preview:-1\" \/>\n<link rel=\"canonical\" href=\"https:\/\/www.stresnyboxds.sk\/hu\/kapcsolat\/\" \/>\n<meta property=\"og:locale\" content=\"hu_HU\" \/>\n<meta property=\"og:type\" content=\"article\" \/>\n<meta property=\"og:title\" content=\"Kapcsolat - StresnyboxDS.sk\" \/>\n<meta property=\"og:description\" content=\"[vc_row][vc_column][turbo_address_holder][turbo_address_block turbowp_address_icon=&#8221;fas fa-mobile-alt&#8221; turbowp_address_title=&#8221;Telefonsz\u00e1m&#8221; turbowp_address_field_one=&#8221;+421 905 30 40 51&#8243; turbowp_address_field_two=&#8221;\u2022 h\u00edvj minket b\u00e1tran \u2022&#8221;][turbo_address_block turbowp_address_icon=&#8221;fas fa-map-marker-alt&#8221; turbowp_address_title=&#8221;C\u00edm&#8221; turbowp_address_field_one=&#8221;Mlie\u010dany 63, 929 01 Dunaszerdahely&#8221; turbowp_address_field_two=&#8221;Szlov\u00e1kia&#8221;][turbo_address_block turbowp_address_icon=&#8221;far fa-envelope&#8221; turbowp_address_title=&#8221;E-mail c\u00edm&#8221; turbowp_address_field_one=&#8221;info@stresnyboxds.sk&#8221; turbowp_address_field_two=&#8221;\u2022 \u00edrj nek\u00fcnk, v\u00e1laszolunk \u2022&#8221;][\/turbo_address_holder][\/vc_column][\/vc_row][vc_row][vc_column][\/vc_column][\/vc_row][vc_row turbo_section_wrapper=&#8221;turbo_full_width&#8221; full_width=&#8221;stretch_row&#8221; css=&#8221;.vc_custom_1670781336777{margin-bottom: 0px !important;padding-bottom: 0px !important;}&#8221;][vc_column][turbo_google_map zoom=&#8221;14&#8243; lat=&#8221;47.9699436&#8243; lang=&#8221;17.6024213&#8243; address=&#8221;Mlie\u010dany 63, 929 01 Dunaszerdahely Szlov\u00e1kia&#8221;][\/vc_column][\/vc_row]\" \/>\n<meta property=\"og:url\" content=\"https:\/\/www.stresnyboxds.sk\/hu\/kapcsolat\/\" \/>\n<meta property=\"og:site_name\" content=\"StresnyboxDS.sk\" \/>\n<meta property=\"article:modified_time\" content=\"2022-12-18T14:01:41+00:00\" \/>\n<meta name=\"twitter:card\" content=\"summary_large_image\" \/>\n<meta name=\"twitter:label1\" content=\"Becs\u00fclt olvas\u00e1si id\u0151\" \/>\n\t<meta name=\"twitter:data1\" content=\"1 perc\" \/>\n<script type=\"application\/ld+json\" class=\"yoast-schema-graph\">{\"@context\":\"https:\/\/schema.org\",\"@graph\":[{\"@type\":\"WebPage\",\"@id\":\"https:\/\/www.stresnyboxds.sk\/hu\/kapcsolat\/\",\"url\":\"https:\/\/www.stresnyboxds.sk\/hu\/kapcsolat\/\",\"name\":\"Kapcsolat - StresnyboxDS.sk\",\"isPartOf\":{\"@id\":\"https:\/\/www.stresnyboxds.sk\/hu\/#website\"},\"datePublished\":\"2022-11-18T13:13:04+00:00\",\"dateModified\":\"2022-12-18T14:01:41+00:00\",\"breadcrumb\":{\"@id\":\"https:\/\/www.stresnyboxds.sk\/hu\/kapcsolat\/#breadcrumb\"},\"inLanguage\":\"hu\",\"potentialAction\":[{\"@type\":\"ReadAction\",\"target\":[\"https:\/\/www.stresnyboxds.sk\/hu\/kapcsolat\/\"]}]},{\"@type\":\"BreadcrumbList\",\"@id\":\"https:\/\/www.stresnyboxds.sk\/hu\/kapcsolat\/#breadcrumb\",\"itemListElement\":[{\"@type\":\"ListItem\",\"position\":1,\"name\":\"\u00davod\",\"item\":\"https:\/\/www.stresnyboxds.sk\/hu\/\"},{\"@type\":\"ListItem\",\"position\":2,\"name\":\"Kapcsolat\"}]},{\"@type\":\"WebSite\",\"@id\":\"https:\/\/www.stresnyboxds.sk\/hu\/#website\",\"url\":\"https:\/\/www.stresnyboxds.sk\/hu\/\",\"name\":\"StresnyboxDS.sk\",\"description\":\"\",\"potentialAction\":[{\"@type\":\"SearchAction\",\"target\":{\"@type\":\"EntryPoint\",\"urlTemplate\":\"https:\/\/www.stresnyboxds.sk\/hu\/?s={search_term_string}\"},\"query-input\":\"required name=search_term_string\"}],\"inLanguage\":\"hu\"}]}<\/script>\n<!-- \/ Yoast SEO plugin. -->","yoast_head_json":{"title":"Kapcsolat - StresnyboxDS.sk","robots":{"index":"index","follow":"follow","max-snippet":"max-snippet:-1","max-image-preview":"max-image-preview:large","max-video-preview":"max-video-preview:-1"},"canonical":"https:\/\/www.stresnyboxds.sk\/hu\/kapcsolat\/","og_locale":"hu_HU","og_type":"article","og_title":"Kapcsolat - StresnyboxDS.sk","og_description":"[vc_row][vc_column][turbo_address_holder][turbo_address_block turbowp_address_icon=&#8221;fas fa-mobile-alt&#8221; turbowp_address_title=&#8221;Telefonsz\u00e1m&#8221; turbowp_address_field_one=&#8221;+421 905 30 40 51&#8243; turbowp_address_field_two=&#8221;\u2022 h\u00edvj minket b\u00e1tran \u2022&#8221;][turbo_address_block turbowp_address_icon=&#8221;fas fa-map-marker-alt&#8221; turbowp_address_title=&#8221;C\u00edm&#8221; turbowp_address_field_one=&#8221;Mlie\u010dany 63, 929 01 Dunaszerdahely&#8221; turbowp_address_field_two=&#8221;Szlov\u00e1kia&#8221;][turbo_address_block turbowp_address_icon=&#8221;far fa-envelope&#8221; turbowp_address_title=&#8221;E-mail c\u00edm&#8221; turbowp_address_field_one=&#8221;info@stresnyboxds.sk&#8221; turbowp_address_field_two=&#8221;\u2022 \u00edrj nek\u00fcnk, v\u00e1laszolunk \u2022&#8221;][\/turbo_address_holder][\/vc_column][\/vc_row][vc_row][vc_column][\/vc_column][\/vc_row][vc_row turbo_section_wrapper=&#8221;turbo_full_width&#8221; full_width=&#8221;stretch_row&#8221; css=&#8221;.vc_custom_1670781336777{margin-bottom: 0px !important;padding-bottom: 0px !important;}&#8221;][vc_column][turbo_google_map zoom=&#8221;14&#8243; lat=&#8221;47.9699436&#8243; lang=&#8221;17.6024213&#8243; address=&#8221;Mlie\u010dany 63, 929 01 Dunaszerdahely Szlov\u00e1kia&#8221;][\/vc_column][\/vc_row]","og_url":"https:\/\/www.stresnyboxds.sk\/hu\/kapcsolat\/","og_site_name":"StresnyboxDS.sk","article_modified_time":"2022-12-18T14:01:41+00:00","twitter_card":"summary_large_image","twitter_misc":{"Becs\u00fclt olvas\u00e1si id\u0151":"1 perc"},"schema":{"@context":"https:\/\/schema.org","@graph":[{"@type":"WebPage","@id":"https:\/\/www.stresnyboxds.sk\/hu\/kapcsolat\/","url":"https:\/\/www.stresnyboxds.sk\/hu\/kapcsolat\/","name":"Kapcsolat - StresnyboxDS.sk","isPartOf":{"@id":"https:\/\/www.stresnyboxds.sk\/hu\/#website"},"datePublished":"2022-11-18T13:13:04+00:00","dateModified":"2022-12-18T14:01:41+00:00","breadcrumb":{"@id":"https:\/\/www.stresnyboxds.sk\/hu\/kapcsolat\/#breadcrumb"},"inLanguage":"hu","potentialAction":[{"@type":"ReadAction","target":["https:\/\/www.stresnyboxds.sk\/hu\/kapcsolat\/"]}]},{"@type":"BreadcrumbList","@id":"https:\/\/www.stresnyboxds.sk\/hu\/kapcsolat\/#breadcrumb","itemListElement":[{"@type":"ListItem","position":1,"name":"\u00davod","item":"https:\/\/www.stresnyboxds.sk\/hu\/"},{"@type":"ListItem","position":2,"name":"Kapcsolat"}]},{"@type":"WebSite","@id":"https:\/\/www.stresnyboxds.sk\/hu\/#website","url":"https:\/\/www.stresnyboxds.sk\/hu\/","name":"StresnyboxDS.sk","description":"","potentialAction":[{"@type":"SearchAction","target":{"@type":"EntryPoint","urlTemplate":"https:\/\/www.stresnyboxds.sk\/hu\/?s={search_term_string}"},"query-input":"required name=search_term_string"}],"inLanguage":"hu"}]}},"_links":{"self":[{"href":"https:\/\/www.stresnyboxds.sk\/hu\/wp-json\/wp\/v2\/pages\/1662"}],"collection":[{"href":"https:\/\/www.stresnyboxds.sk\/hu\/wp-json\/wp\/v2\/pages"}],"about":[{"href":"https:\/\/www.stresnyboxds.sk\/hu\/wp-json\/wp\/v2\/types\/page"}],"author":[{"embeddable":true,"href":"https:\/\/www.stresnyboxds.sk\/hu\/wp-json\/wp\/v2\/users\/1"}],"replies":[{"embeddable":true,"href":"https:\/\/www.stresnyboxds.sk\/hu\/wp-json\/wp\/v2\/comments?post=1662"}],"version-history":[{"count":7,"href":"https:\/\/www.stresnyboxds.sk\/hu\/wp-json\/wp\/v2\/pages\/1662\/revisions"}],"predecessor-version":[{"id":1683,"href":"https:\/\/www.stresnyboxds.sk\/hu\/wp-json\/wp\/v2\/pages\/1662\/revisions\/1683"}],"wp:attachment":[{"href":"https:\/\/www.stresnyboxds.sk\/hu\/wp-json\/wp\/v2\/media?parent=1662"}],"curies":[{"name":"wp","href":"https:\/\/api.w.org\/{rel}","templated":true}]}}